{"id":2921,"date":"2023-03-07T15:42:25","date_gmt":"2023-03-07T14:42:25","guid":{"rendered":"https:\/\/kath-kirche-lb.de\/jugendkirche\/?page_id=2921"},"modified":"2023-03-07T16:26:44","modified_gmt":"2023-03-07T15:26:44","slug":"die-raeume","status":"publish","type":"page","link":"https:\/\/kath-kirche-lb.de\/jugendkirche\/jugendkirche-ludwigsburg\/die-raeume\/","title":{"rendered":"Die R\u00e4ume"},"content":{"rendered":"\n<figure class=\"wp-block-table\"><table><tbody><tr><td><img decoding=\"async\" src=\"https:\/\/www.jugendkirche-lb.de\/images\/site\/01Diele.jpg\" width=\"250\"><\/td><td>&nbsp;<\/td><td><strong>DIELE<\/strong><br>\u201cCome in and find out!\u201c \u2013 reinschneien, rantasten, orientieren, kommen, gehen<\/td><\/tr><tr><td><img decoding=\"async\" src=\"https:\/\/www.jugendkirche-lb.de\/images\/site\/02Kueche.jpg\" width=\"250\"><\/td><td>&nbsp;<\/td><td><strong>K\u00dcCHE<\/strong><br>f\u00fcr Topfgucker, Mitesser, Reinschmecker und Feinschmecker, Hungrige, Nimmersatte &#8211; und immer dienstags wird gekocht (und gegessen)&#8230;12:15 Uhr IMPULS und 12:30 Uhr ESSEN &#8211; auch ohne Anmeldung einfach kommen und Dabei sein<\/td><\/tr><tr><td><img decoding=\"async\" src=\"https:\/\/www.jugendkirche-lb.de\/images\/site\/03Bad.jpg\" width=\"250\"><\/td><td>&nbsp;<\/td><td><strong>BAD<\/strong><br>Wohnen in der Jugendkirche ? Na klar, deshalb bleibt das Bad drin und benutzbar. Nicht nur zum Z\u00e4hneputzen \u00fcbrigens&#8230;<\/td><\/tr><tr><td><img decoding=\"async\" src=\"https:\/\/www.jugendkirche-lb.de\/images\/site\/04Wohnzimmer.jpg\" width=\"250\"><\/td><td>&nbsp;<\/td><td><strong>WOHNZIMMER (\u201eLichtBlick\u201c)<\/strong><br>chillen, gucken, fl\u00e4zen, spielen, vorlesen, erz\u00e4hlen, lachen, weinen,<\/td><\/tr><tr><td><img decoding=\"async\" src=\"https:\/\/www.jugendkirche-lb.de\/images\/site\/05Buero.jpg\" width=\"250\"><\/td><td>&nbsp;<\/td><td><strong>B\u00dcRO (\u201eHotSpot\u201c)<\/strong><br>hier laufen die F\u00e4den zusammen: Kommunikation auf allen Ebenen<\/td><\/tr><tr><td><img decoding=\"async\" src=\"https:\/\/www.jugendkirche-lb.de\/images\/site\/06Meditation.jpg\" width=\"250\"><\/td><td>&nbsp;<\/td><td><strong>MEDITATIONSRAUM (\u201eKraftWerk\u201c)<\/strong><br>das Herz der Jugendkirche: der ICH-BIN-DA und DU \u2013 auf Augenh\u00f6he. Immer offen, immer da, immer bereit das aufzunehmen, was wir bringen. Zum Stillwerden, zum Loslassen, zum Fallenlassen, zum Anklagen, zum Tr\u00f6sten und Getr\u00f6stetwerden, zum Tr\u00e4umen, zum D\u00f6sen &#8230;<\/td><\/tr><\/tbody><\/table><\/figure>\n","protected":false},"excerpt":{"rendered":"<p>&nbsp; DIELE\u201cCome in and find out!\u201c \u2013 reinschneien, rantasten, orientieren, kommen, gehen &nbsp; K\u00dcCHEf\u00fcr Topfgucker, Mitesser, Reinschmecker und Feinschmecker, Hungrige, Nimmersatte &#8211; und immer dienstags wird gekocht (und gegessen)&#8230;12:15 Uhr IMPULS und 12:30 Uhr ESSEN &#8211; auch ohne Anmeldung einfach kommen und Dabei sein &nbsp; BADWohnen in der Jugendkirche ? Na klar, deshalb bleibt das [&hellip;]<\/p>\n","protected":false},"author":27,"featured_media":0,"parent":2913,"menu_order":0,"comment_status":"closed","ping_status":"closed","template":"","meta":{"footnotes":""},"class_list":["post-2921","page","type-page","status-publish","hentry"],"_links":{"self":[{"href":"https:\/\/kath-kirche-lb.de\/jugendkirche\/wp-json\/wp\/v2\/pages\/2921","targetHints":{"allow":["GET"]}}],"collection":[{"href":"https:\/\/kath-kirche-lb.de\/jugendkirche\/wp-json\/wp\/v2\/pages"}],"about":[{"href":"https:\/\/kath-kirche-lb.de\/jugendkirche\/wp-json\/wp\/v2\/types\/page"}],"author":[{"embeddable":true,"href":"https:\/\/kath-kirche-lb.de\/jugendkirche\/wp-json\/wp\/v2\/users\/27"}],"replies":[{"embeddable":true,"href":"https:\/\/kath-kirche-lb.de\/jugendkirche\/wp-json\/wp\/v2\/comments?post=2921"}],"version-history":[{"count":2,"href":"https:\/\/kath-kirche-lb.de\/jugendkirche\/wp-json\/wp\/v2\/pages\/2921\/revisions"}],"predecessor-version":[{"id":2960,"href":"https:\/\/kath-kirche-lb.de\/jugendkirche\/wp-json\/wp\/v2\/pages\/2921\/revisions\/2960"}],"up":[{"embeddable":true,"href":"https:\/\/kath-kirche-lb.de\/jugendkirche\/wp-json\/wp\/v2\/pages\/2913"}],"wp:attachment":[{"href":"https:\/\/kath-kirche-lb.de\/jugendkirche\/wp-json\/wp\/v2\/media?parent=2921"}],"curies":[{"name":"wp","href":"https:\/\/api.w.org\/{rel}","templated":true}]}}