{"id":45,"date":"2021-09-26T23:00:32","date_gmt":"2021-09-26T21:00:32","guid":{"rendered":"https:\/\/www.kath-kirche-lb.de\/testseite\/?page_id=45"},"modified":"2023-03-07T15:54:29","modified_gmt":"2023-03-07T14:54:29","slug":"startseite","status":"publish","type":"page","link":"https:\/\/kath-kirche-lb.de\/jugendkirche\/","title":{"rendered":"Startseite"},"content":{"rendered":"<div class=\"pt-cv-wrapper\"><div class=\"pt-cv-view pt-cv-scrollable pt-cv-colsys pt-cv-pgloadmore pt-cv-textbelow\" id=\"pt-cv-view-9c48956wy6\"><div data-id=\"pt-cv-page-1\" class=\"pt-cv-page\" data-cvc=\"2\"><div id=\"ac0f53auq9\" class=\"pt-cv-carousel pt-cv-slide\" data-ride=\"cvcarousel\" data-interval=10000><ol class=\"pt-cv-carousel-indicators\"><li data-target=\"#ac0f53auq9\" data-cvslide-to=\"0\" class=\"active\"><\/li>\n<li data-target=\"#ac0f53auq9\" data-cvslide-to=\"1\" class=\"\"><\/li>\n<li data-target=\"#ac0f53auq9\" data-cvslide-to=\"2\" class=\"\"><\/li><\/ol>\n<div class=\"carousel-inner\"><div class=\"item active\"><div class=\"row\"><div class=\"col-md-6 col-sm-6 col-xs-12 pt-cv-content-item pt-cv-1-col\"  data-pid=\"3216\"><a href=\"https:\/\/kath-kirche-lb.de\/jugendkirche\/2026\/04\/22\/sternwallfahrt-zum-jugendtag-2026-nach-untermarchtal\/\" class=\"_self pt-cv-href-thumbnail pt-cv-thumb-default cvplbd cvp-lazy-container\" target=\"_self\" ><img loading=\"lazy\" decoding=\"async\" width=\"212\" height=\"300\" src=\"https:\/\/kath-kirche-lb.de\/jugendkirche\/wp-content\/plugins\/pt-content-views-pro\/public\/assets\/images\/lazy_image.png\" class=\"pt-cv-thumbnail img-none skip-lazy  no-lazyload  cvplazy\" alt=\"Sternwallfahrt zum Jugendtag 2026 nach Untermarchtal\" data-cvpsrc=\"https:\/\/kath-kirche-lb.de\/jugendkirche\/wp-content\/uploads\/sites\/3\/2026\/04\/Plakat-Sternwallfahrt-2026-212x300.jpg\" data-cvpset=\"https:\/\/kath-kirche-lb.de\/jugendkirche\/wp-content\/uploads\/sites\/3\/2026\/04\/Plakat-Sternwallfahrt-2026-212x300.jpg 212w, https:\/\/kath-kirche-lb.de\/jugendkirche\/wp-content\/uploads\/sites\/3\/2026\/04\/Plakat-Sternwallfahrt-2026.jpg 595w\" \/><\/a>\n<div class=\"pt-cv-carousel-caption\"><h4 class=\"pt-cv-title\"><a href=\"https:\/\/kath-kirche-lb.de\/jugendkirche\/2026\/04\/22\/sternwallfahrt-zum-jugendtag-2026-nach-untermarchtal\/\" class=\"_self cvplbd\" target=\"_self\" >Sternwallfahrt zum Jugendtag 2026 nach Untermarchtal<\/a><\/h4>\n<div class=\"pt-cv-content\">In den Pfingstferien findet j\u00e4hrlich der Jugendtag in Untermarchtal mit der Sternwallfahrt statt. Auch aus Ludwigsburg machen wir uns auf den Weg nach Untermarchtal. Dort erwarten uns viele andere Jugendliche und ein tolles Programm. F\u00fcr alle die Sorgen haben ob sie es schaffen bis ...<br \/><div class=\"pt-cv-rmwrap\"><a href=\"https:\/\/kath-kirche-lb.de\/jugendkirche\/2026\/04\/22\/sternwallfahrt-zum-jugendtag-2026-nach-untermarchtal\/\" class=\"_self pt-cv-readmore btn btn-success cvplbd\" target=\"_self\">Weiterlesen \u2026<\/a><\/div><\/div><\/div><\/div>\n<div class=\"col-md-6 col-sm-6 col-xs-12 pt-cv-content-item pt-cv-1-col\"  data-pid=\"3211\"><a href=\"https:\/\/kath-kirche-lb.de\/jugendkirche\/2026\/03\/27\/jugendreferentin-gesucht\/\" class=\"_self pt-cv-href-thumbnail pt-cv-thumb-default cvplbd cvp-lazy-container\" target=\"_self\" ><img loading=\"lazy\" decoding=\"async\" width=\"173\" height=\"300\" src=\"https:\/\/kath-kirche-lb.de\/jugendkirche\/wp-content\/plugins\/pt-content-views-pro\/public\/assets\/images\/lazy_image.png\" class=\"pt-cv-thumbnail img-none skip-lazy  no-lazyload  cvplazy\" alt=\"Jugendreferent*in gesucht\" data-cvpsrc=\"https:\/\/kath-kirche-lb.de\/jugendkirche\/wp-content\/uploads\/sites\/3\/2026\/03\/Kath-LB-J42964-Jugendreferent-04.04.2026_90_4c-173x300.jpeg\" data-cvpset=\"https:\/\/kath-kirche-lb.de\/jugendkirche\/wp-content\/uploads\/sites\/3\/2026\/03\/Kath-LB-J42964-Jugendreferent-04.04.2026_90_4c-173x300.jpeg 173w, https:\/\/kath-kirche-lb.de\/jugendkirche\/wp-content\/uploads\/sites\/3\/2026\/03\/Kath-LB-J42964-Jugendreferent-04.04.2026_90_4c-591x1024.jpeg 591w, https:\/\/kath-kirche-lb.de\/jugendkirche\/wp-content\/uploads\/sites\/3\/2026\/03\/Kath-LB-J42964-Jugendreferent-04.04.2026_90_4c-768x1332.jpeg 768w, https:\/\/kath-kirche-lb.de\/jugendkirche\/wp-content\/uploads\/sites\/3\/2026\/03\/Kath-LB-J42964-Jugendreferent-04.04.2026_90_4c-886x1536.jpeg 886w, https:\/\/kath-kirche-lb.de\/jugendkirche\/wp-content\/uploads\/sites\/3\/2026\/03\/Kath-LB-J42964-Jugendreferent-04.04.2026_90_4c.jpeg 1063w\" \/><\/a>\n<div class=\"pt-cv-carousel-caption\"><h4 class=\"pt-cv-title\"><a href=\"https:\/\/kath-kirche-lb.de\/jugendkirche\/2026\/03\/27\/jugendreferentin-gesucht\/\" class=\"_self cvplbd\" target=\"_self\" >Jugendreferent*in gesucht<\/a><\/h4>\n<div class=\"pt-cv-content\">Wir suchen zum fr\u00fchestm\u00f6glichen Zeitpunkt eine\/n neue\/n Jugendreferent*in. Du f\u00fchlst dich angesprochen? Dann schau dir gerne unsere Ausschreibung an. Wenn es passt, freuen wir uns auf deine Bewerbung bis zum 30.04.2026 an Pfarrer Dr. Krist ...<br \/><div class=\"pt-cv-rmwrap\"><a href=\"https:\/\/kath-kirche-lb.de\/jugendkirche\/2026\/03\/27\/jugendreferentin-gesucht\/\" class=\"_self pt-cv-readmore btn btn-success cvplbd\" target=\"_self\">Weiterlesen \u2026<\/a><\/div><\/div><\/div><\/div><\/div><\/div>\n<div class=\"item\"><div class=\"row\"><div class=\"col-md-6 col-sm-6 col-xs-12 pt-cv-content-item pt-cv-1-col\"  data-pid=\"3207\"><a href=\"https:\/\/kath-kirche-lb.de\/jugendkirche\/2026\/03\/18\/spiri-nacht-2026\/\" class=\"_self pt-cv-href-thumbnail pt-cv-thumb-default cvplbd cvp-lazy-container\" target=\"_self\" ><img loading=\"lazy\" decoding=\"async\" width=\"300\" height=\"212\" src=\"https:\/\/kath-kirche-lb.de\/jugendkirche\/wp-content\/plugins\/pt-content-views-pro\/public\/assets\/images\/lazy_image.png\" class=\"pt-cv-thumbnail img-none skip-lazy  no-lazyload  cvplazy\" alt=\"Spiri-Nacht 2026\" data-cvpsrc=\"https:\/\/kath-kirche-lb.de\/jugendkirche\/wp-content\/uploads\/sites\/3\/2026\/03\/Spiri-Nacht-20261-300x212.png\" data-cvpset=\"https:\/\/kath-kirche-lb.de\/jugendkirche\/wp-content\/uploads\/sites\/3\/2026\/03\/Spiri-Nacht-20261-300x212.png 300w, https:\/\/kath-kirche-lb.de\/jugendkirche\/wp-content\/uploads\/sites\/3\/2026\/03\/Spiri-Nacht-20261-1024x724.png 1024w, https:\/\/kath-kirche-lb.de\/jugendkirche\/wp-content\/uploads\/sites\/3\/2026\/03\/Spiri-Nacht-20261-768x543.png 768w, https:\/\/kath-kirche-lb.de\/jugendkirche\/wp-content\/uploads\/sites\/3\/2026\/03\/Spiri-Nacht-20261-1536x1086.png 1536w, https:\/\/kath-kirche-lb.de\/jugendkirche\/wp-content\/uploads\/sites\/3\/2026\/03\/Spiri-Nacht-20261-2048x1448.png 2048w\" \/><\/a>\n<div class=\"pt-cv-carousel-caption\"><h4 class=\"pt-cv-title\"><a href=\"https:\/\/kath-kirche-lb.de\/jugendkirche\/2026\/03\/18\/spiri-nacht-2026\/\" class=\"_self cvplbd\" target=\"_self\" >Spiri-Nacht 2026<\/a><\/h4>\n<div class=\"pt-cv-content\">M\u00fcde Augen, wache(s) Herz! Wir m\u00f6chten die Nacht von Gr\u00fcndonnerstag auf Karfreitag wieder gemeinsam erleben und wachen. Los geht es um 21:00 Uhr in der Jugendkirche (Solitudestr. 5). Bitte bringt etwas warmes zum Anziehen mit, wir werden nicht die ganze Nacht drinnen verbringen, sondern ...<br \/><div class=\"pt-cv-rmwrap\"><a href=\"https:\/\/kath-kirche-lb.de\/jugendkirche\/2026\/03\/18\/spiri-nacht-2026\/\" class=\"_self pt-cv-readmore btn btn-success cvplbd\" target=\"_self\">Weiterlesen \u2026<\/a><\/div><\/div><\/div><\/div>\n<div class=\"col-md-6 col-sm-6 col-xs-12 pt-cv-content-item pt-cv-1-col\"  data-pid=\"3201\"><a href=\"https:\/\/kath-kirche-lb.de\/jugendkirche\/2025\/11\/14\/jugendgottesdienst-gottestraum-mit-gemeinsamer-uebernachtung-in-st-paulus\/\" class=\"_self pt-cv-href-thumbnail pt-cv-thumb-default cvplbd cvp-lazy-container\" target=\"_self\" ><img loading=\"lazy\" decoding=\"async\" width=\"300\" height=\"212\" src=\"https:\/\/kath-kirche-lb.de\/jugendkirche\/wp-content\/plugins\/pt-content-views-pro\/public\/assets\/images\/lazy_image.png\" class=\"pt-cv-thumbnail img-none skip-lazy  no-lazyload  cvplazy\" alt=\"Jugendgottesdienst &quot;Gottes(t)raum&quot; mit gemeinsamer \u00dcbernachtung in St. Paulus\" data-cvpsrc=\"https:\/\/kath-kirche-lb.de\/jugendkirche\/wp-content\/uploads\/sites\/3\/2025\/11\/Kopie-von-Jugendsonntag-2025-300x212.png\" data-cvpset=\"https:\/\/kath-kirche-lb.de\/jugendkirche\/wp-content\/uploads\/sites\/3\/2025\/11\/Kopie-von-Jugendsonntag-2025-300x212.png 300w, https:\/\/kath-kirche-lb.de\/jugendkirche\/wp-content\/uploads\/sites\/3\/2025\/11\/Kopie-von-Jugendsonntag-2025-1024x724.png 1024w, https:\/\/kath-kirche-lb.de\/jugendkirche\/wp-content\/uploads\/sites\/3\/2025\/11\/Kopie-von-Jugendsonntag-2025-768x543.png 768w, https:\/\/kath-kirche-lb.de\/jugendkirche\/wp-content\/uploads\/sites\/3\/2025\/11\/Kopie-von-Jugendsonntag-2025-1536x1086.png 1536w, https:\/\/kath-kirche-lb.de\/jugendkirche\/wp-content\/uploads\/sites\/3\/2025\/11\/Kopie-von-Jugendsonntag-2025.png 2000w\" \/><\/a>\n<div class=\"pt-cv-carousel-caption\"><h4 class=\"pt-cv-title\"><a href=\"https:\/\/kath-kirche-lb.de\/jugendkirche\/2025\/11\/14\/jugendgottesdienst-gottestraum-mit-gemeinsamer-uebernachtung-in-st-paulus\/\" class=\"_self cvplbd\" target=\"_self\" >Jugendgottesdienst &#8222;Gottes(t)raum&#8220; mit gemeinsamer \u00dcbernachtung in St. Paulus<\/a><\/h4>\n<div class=\"pt-cv-content\">Am Samstag, 22.11., um 20:00 Uhr feiern wir in St. Paulus einen besonderen Jugendgottesdienst zum Jugendsonntag \u2013 f\u00fcr alle ab +\/- 12 Jahren. Komm vorbei und feier mit uns! Und das Beste: Nach dem Gottesdienst geht\u2019s weiter!<br \/>Wenn du Lust hast, kannst du mit uns ...<br \/><div class=\"pt-cv-rmwrap\"><a href=\"https:\/\/kath-kirche-lb.de\/jugendkirche\/2025\/11\/14\/jugendgottesdienst-gottestraum-mit-gemeinsamer-uebernachtung-in-st-paulus\/\" class=\"_self pt-cv-readmore btn btn-success cvplbd\" target=\"_self\">Weiterlesen \u2026<\/a><\/div><\/div><\/div><\/div><\/div><\/div>\n<div class=\"item\"><div class=\"row\"><div class=\"col-md-6 col-sm-6 col-xs-12 pt-cv-content-item pt-cv-1-col\"  data-pid=\"3197\"><a href=\"https:\/\/kath-kirche-lb.de\/jugendkirche\/2025\/11\/05\/open-juki-am-08-november-2025\/\" class=\"_self pt-cv-href-thumbnail pt-cv-thumb-default cvplbd cvp-lazy-container\" target=\"_self\" ><img loading=\"lazy\" decoding=\"async\" width=\"300\" height=\"300\" src=\"https:\/\/kath-kirche-lb.de\/jugendkirche\/wp-content\/plugins\/pt-content-views-pro\/public\/assets\/images\/lazy_image.png\" class=\"pt-cv-thumbnail img-none skip-lazy  no-lazyload  cvplazy\" alt=\"Open-JuKi am 08. November 2025\" data-cvpsrc=\"https:\/\/kath-kirche-lb.de\/jugendkirche\/wp-content\/uploads\/sites\/3\/2025\/11\/Open-JuKi5-300x300.png\" data-cvpset=\"https:\/\/kath-kirche-lb.de\/jugendkirche\/wp-content\/uploads\/sites\/3\/2025\/11\/Open-JuKi5-300x300.png 300w, https:\/\/kath-kirche-lb.de\/jugendkirche\/wp-content\/uploads\/sites\/3\/2025\/11\/Open-JuKi5-1024x1024.png 1024w, https:\/\/kath-kirche-lb.de\/jugendkirche\/wp-content\/uploads\/sites\/3\/2025\/11\/Open-JuKi5-150x150.png 150w, https:\/\/kath-kirche-lb.de\/jugendkirche\/wp-content\/uploads\/sites\/3\/2025\/11\/Open-JuKi5-768x768.png 768w, https:\/\/kath-kirche-lb.de\/jugendkirche\/wp-content\/uploads\/sites\/3\/2025\/11\/Open-JuKi5-500x500.png 500w, https:\/\/kath-kirche-lb.de\/jugendkirche\/wp-content\/uploads\/sites\/3\/2025\/11\/Open-JuKi5.png 1080w\" \/><\/a>\n<div class=\"pt-cv-carousel-caption\"><h4 class=\"pt-cv-title\"><a href=\"https:\/\/kath-kirche-lb.de\/jugendkirche\/2025\/11\/05\/open-juki-am-08-november-2025\/\" class=\"_self cvplbd\" target=\"_self\" >Open-JuKi am 08. November 2025<\/a><\/h4>\n<div class=\"pt-cv-content\">Open-JuKi findet am 08. November ab 19 Uhr statt. Diesmal in Kooperation mit dem BDKJ Jugendreferat als Auftakt f\u00fcr die Martinsaktion. Jeder darf gewaschene und gut erhaltene Kleidung (1-2 Teile pro Person) als Spende mitbringen und im Jugendreferat abgeben. Die Kleiderspende ist f\u00fcr Aktion ...<br \/><div class=\"pt-cv-rmwrap\"><a href=\"https:\/\/kath-kirche-lb.de\/jugendkirche\/2025\/11\/05\/open-juki-am-08-november-2025\/\" class=\"_self pt-cv-readmore btn btn-success cvplbd\" target=\"_self\">Weiterlesen \u2026<\/a><\/div><\/div><\/div><\/div>\n<div class=\"col-md-6 col-sm-6 col-xs-12 pt-cv-content-item pt-cv-1-col\"  data-pid=\"3191\"><a href=\"https:\/\/kath-kirche-lb.de\/jugendkirche\/2025\/04\/24\/sternwallfahrt-zum-jugendtag-nach-untermarchtal-3\/\" class=\"_self pt-cv-href-thumbnail pt-cv-thumb-default cvplbd cvp-lazy-container\" target=\"_self\" ><img loading=\"lazy\" decoding=\"async\" width=\"212\" height=\"300\" src=\"https:\/\/kath-kirche-lb.de\/jugendkirche\/wp-content\/plugins\/pt-content-views-pro\/public\/assets\/images\/lazy_image.png\" class=\"pt-cv-thumbnail img-none skip-lazy  no-lazyload  cvplazy\" alt=\"Sternwallfahrt zum Jugendtag nach Untermarchtal\" data-cvpsrc=\"https:\/\/kath-kirche-lb.de\/jugendkirche\/wp-content\/uploads\/sites\/3\/2025\/04\/Plakat-Sternwallfahrt-2025-212x300.jpg\" data-cvpset=\"https:\/\/kath-kirche-lb.de\/jugendkirche\/wp-content\/uploads\/sites\/3\/2025\/04\/Plakat-Sternwallfahrt-2025-212x300.jpg 212w, https:\/\/kath-kirche-lb.de\/jugendkirche\/wp-content\/uploads\/sites\/3\/2025\/04\/Plakat-Sternwallfahrt-2025.jpg 595w\" \/><\/a>\n<div class=\"pt-cv-carousel-caption\"><h4 class=\"pt-cv-title\"><a href=\"https:\/\/kath-kirche-lb.de\/jugendkirche\/2025\/04\/24\/sternwallfahrt-zum-jugendtag-nach-untermarchtal-3\/\" class=\"_self cvplbd\" target=\"_self\" >Sternwallfahrt zum Jugendtag nach Untermarchtal<\/a><\/h4>\n<div class=\"pt-cv-content\">In den Pfingstferien findet j\u00e4hrlich der Jugendtag in Untermarchtal mit der Sternwallfahrt statt. Auch aus Ludwigsburg machen wir uns auf den Weg nach Untermarchtal. Dort erwarten uns viele andere Jugendliche und ein tolles Programm. F\u00fcr alle die Sorgen haben ob sie es schaffen bis ...<br \/><div class=\"pt-cv-rmwrap\"><a href=\"https:\/\/kath-kirche-lb.de\/jugendkirche\/2025\/04\/24\/sternwallfahrt-zum-jugendtag-nach-untermarchtal-3\/\" class=\"_self pt-cv-readmore btn btn-success cvplbd\" target=\"_self\">Weiterlesen \u2026<\/a><\/div><\/div><\/div><\/div><\/div><\/div><\/div>\n<a class=\"left carousel-control\" data-target=\"#ac0f53auq9\" data-cvslide=\"prev\">\r\n\t\t\t\t\t\t<span class=\"glyphicon glyphicon-chevron-left\"><\/span>\r\n\t\t\t\t\t<\/a>\r\n\t\t\t\t\t<a class=\"right carousel-control\" data-target=\"#ac0f53auq9\" data-cvslide=\"next\">\r\n\t\t\t\t\t\t<span class=\"glyphicon glyphicon-chevron-right\"><\/span>\r\n\t\t\t\t\t<\/a><\/div><\/div><\/div>\n<div class=\"text-center pt-cv-pagination-wrapper\"><a href='https:\/\/kath-kirche-lb.de\/jugendkirche\/wp-json\/wp\/v2\/pages\/45\/?_page=2' onclick='event.preventDefault()' class=\"pt-cv-more btn btn-primary btn-sm\" data-totalpages=\"6\" data-nextpages=\"2\" data-sid=\"9c48956wy6\" data-unid=\"\">Weiterlesen ... <span class=\"caret\"><\/span><\/a><img loading=\"lazy\" decoding=\"async\" width=\"15\" height=\"15\" class=\"pt-cv-spinner\" alt=\"Wird geladen\u00a0\u2026\" src=\"data:image\/gif;base64,R0lGODlhDwAPALMPAMrKygwMDJOTkz09PZWVla+vr3p6euTk5M7OzuXl5TMzMwAAAJmZmWZmZszMzP\/\/\/yH\/C05FVFNDQVBFMi4wAwEAAAAh+QQFCgAPACwAAAAADwAPAAAEQvDJaZaZOIcV8iQK8VRX4iTYoAwZ4iCYoAjZ4RxejhVNoT+mRGP4cyF4Pp0N98sBGIBMEMOotl6YZ3S61Bmbkm4mAgAh+QQFCgAPACwAAAAADQANAAAENPDJSRSZeA418itN8QiK8BiLITVsFiyBBIoYqnoewAD4xPw9iY4XLGYSjkQR4UAUD45DLwIAIfkEBQoADwAsAAAAAA8ACQAABC\/wyVlamTi3nSdgwFNdhEJgTJoNyoB9ISYoQmdjiZPcj7EYCAeCF1gEDo4Dz2eIAAAh+QQFCgAPACwCAAAADQANAAAEM\/DJBxiYeLKdX3IJZT1FU0iIg2RNKx3OkZVnZ98ToRD4MyiDnkAh6BkNC0MvsAj0kMpHBAAh+QQFCgAPACwGAAAACQAPAAAEMDC59KpFDll73HkAA2wVY5KgiK5b0RRoI6MuzG6EQqCDMlSGheEhUAgqgUUAFRySIgAh+QQFCgAPACwCAAIADQANAAAEM\/DJKZNLND\/kkKaHc3xk+QAMYDKsiaqmZCxGVjSFFCxB1vwy2oOgIDxuucxAMTAJFAJNBAAh+QQFCgAPACwAAAYADwAJAAAEMNAs86q1yaWwwv2Ig0jUZx3OYa4XoRAfwADXoAwfo1+CIjyFRuEho60aSNYlOPxEAAAh+QQFCgAPACwAAAIADQANAAAENPA9s4y8+IUVcqaWJ4qEQozSoAzoIyhCK2NFU2SJk0hNnyEOhKR2AzAAj4Pj4GE4W0bkJQIAOw==\" \/><div class=\"clear pt-cv-clear-pagination\"><\/div><\/div><\/div>\t\t\t<style type=\"text\/css\" id=\"pt-cv-inline-style-18ef8262kf\">#pt-cv-view-9c48956wy6 .pt-cv-title a, #pt-cv-view-9c48956wy6  .panel-title { font-weight: 600 !important; }\n#pt-cv-view-9c48956wy6 .pt-cv-carousel-caption  { background-color: rgba(221,221,221,0.6) !important; }\n#pt-cv-view-9c48956wy6 .pt-cv-specialp { background-color: #CC3333 !important }\n#pt-cv-view-9c48956wy6 .pt-cv-specialp * { color: #fff !important; }\n#pt-cv-view-9c48956wy6 .pt-cv-pficon  { color: #bbb !important; }\n#pt-cv-view-9c48956wy6 .pt-cv-readmore  { color: #000000 !important; background-color: #ffdf00 !important; font-weight: 600 !important; }\n#pt-cv-view-9c48956wy6 .pt-cv-readmore:hover  { color: #dd9d3b !important; font-weight: 600 !important; }\n#pt-cv-view-9c48956wy6  + .pt-cv-pagination-wrapper .pt-cv-more-inactive , #pt-cv-view-9c48956wy6  + .pt-cv-pagination-wrapper .pagination a { color: #ffdf00 !important; background-color: #ffdf00 !important; }\n#pt-cv-view-9c48956wy6  + .pt-cv-pagination-wrapper .pt-cv-more , #pt-cv-view-9c48956wy6  + .pt-cv-pagination-wrapper .pagination .active a { font-size: 18px !important; line-height: 1.3 !important; color: #000000 !important; background-color: #ffdf00 !important; }<\/style>\r\n\t\t\t\n","protected":false},"excerpt":{"rendered":"","protected":false},"author":27,"featured_media":0,"parent":0,"menu_order":0,"comment_status":"closed","ping_status":"closed","template":"","meta":{"footnotes":""},"class_list":["post-45","page","type-page","status-publish","hentry"],"_links":{"self":[{"href":"https:\/\/kath-kirche-lb.de\/jugendkirche\/wp-json\/wp\/v2\/pages\/45","targetHints":{"allow":["GET"]}}],"collection":[{"href":"https:\/\/kath-kirche-lb.de\/jugendkirche\/wp-json\/wp\/v2\/pages"}],"about":[{"href":"https:\/\/kath-kirche-lb.de\/jugendkirche\/wp-json\/wp\/v2\/types\/page"}],"author":[{"embeddable":true,"href":"https:\/\/kath-kirche-lb.de\/jugendkirche\/wp-json\/wp\/v2\/users\/27"}],"replies":[{"embeddable":true,"href":"https:\/\/kath-kirche-lb.de\/jugendkirche\/wp-json\/wp\/v2\/comments?post=45"}],"version-history":[{"count":4,"href":"https:\/\/kath-kirche-lb.de\/jugendkirche\/wp-json\/wp\/v2\/pages\/45\/revisions"}],"predecessor-version":[{"id":2266,"href":"https:\/\/kath-kirche-lb.de\/jugendkirche\/wp-json\/wp\/v2\/pages\/45\/revisions\/2266"}],"wp:attachment":[{"href":"https:\/\/kath-kirche-lb.de\/jugendkirche\/wp-json\/wp\/v2\/media?parent=45"}],"curies":[{"name":"wp","href":"https:\/\/api.w.org\/{rel}","templated":true}]}}